{"id":716,"date":"2019-01-11T12:11:27","date_gmt":"2019-01-11T18:11:27","guid":{"rendered":"http:\/\/perfilesbosch.com.mx\/app\/?post_type=product&#038;p=716"},"modified":"2019-01-11T12:22:12","modified_gmt":"2019-01-11T18:22:12","slug":"bloque-variofix-para-ecoshape-zn","status":"publish","type":"product","link":"https:\/\/perfilesbosch.com.mx\/app\/producto\/bloque-variofix-para-ecoshape-zn\/","title":{"rendered":"Bloque variofix para Ecoshape Zn"},"content":{"rendered":"<ul>\n<li>Bloque variofix de fundici\u00f3n a presi\u00f3n de cinc para la fijaci\u00f3n de elementos de superficie<\/li>\n<li>Tres disposiciones (&#8220;A&#8221;, &#8220;B&#8221; y &#8220;C&#8221;)<\/li>\n<\/ul>\n<p><img fetchpriority=\"high\" decoding=\"async\" class=\"alignnone  wp-image-721\" src=\"http:\/\/perfilesbosch.com.mx\/app\/wp-content\/uploads\/2019\/01\/BLOQUE-ZN-300x296.png\" alt=\"\" width=\"399\" height=\"394\" srcset=\"https:\/\/perfilesbosch.com.mx\/app\/wp-content\/uploads\/2019\/01\/BLOQUE-ZN-300x296.png 300w, https:\/\/perfilesbosch.com.mx\/app\/wp-content\/uploads\/2019\/01\/BLOQUE-ZN.png 396w\" sizes=\"(max-width: 399px) 100vw, 399px\" \/><\/p>\n","protected":false},"excerpt":{"rendered":"<p>Incluye material de fijaci\u00f3n:<\/p>\n<ul>\n<li>1 tornillo cil\u00edndrico M6X22<\/li>\n<li>1 tornillo cil\u00edndrico M6X30<\/li>\n<li>2 tuercas M6<\/li>\n<\/ul>\n<p><img decoding=\"async\" class=\"alignnone wp-image-678\" src=\"http:\/\/perfilesbosch.com.mx\/app\/wp-content\/uploads\/2019\/01\/795615-300x300.png\" alt=\"\" width=\"31\" height=\"31\" srcset=\"https:\/\/perfilesbosch.com.mx\/app\/wp-content\/uploads\/2019\/01\/795615-300x300.png 300w, https:\/\/perfilesbosch.com.mx\/app\/wp-content\/uploads\/2019\/01\/795615-230x230.png 230w, https:\/\/perfilesbosch.com.mx\/app\/wp-content\/uploads\/2019\/01\/795615-160x160.png 160w, https:\/\/perfilesbosch.com.mx\/app\/wp-content\/uploads\/2019\/01\/795615-400x400.png 400w, https:\/\/perfilesbosch.com.mx\/app\/wp-content\/uploads\/2019\/01\/795615-150x150.png 150w, https:\/\/perfilesbosch.com.mx\/app\/wp-content\/uploads\/2019\/01\/795615.png 512w\" sizes=\"(max-width: 31px) 100vw, 31px\" \/>\u00a0No.\u00a03842543494<\/p>\n","protected":false},"featured_media":718,"template":"","meta":[],"product_brand":[],"product_cat":[35,41],"product_tag":[],"class_list":{"0":"post-716","1":"product","2":"type-product","3":"status-publish","4":"has-post-thumbnail","6":"product_cat-accesorios-de-perfileria","7":"product_cat-ecoshape","9":"first","10":"instock","11":"featured","12":"shipping-taxable","13":"purchasable","14":"product-type-variable"},"_links":{"self":[{"href":"https:\/\/perfilesbosch.com.mx\/app\/wp-json\/wp\/v2\/product\/716","targetHints":{"allow":["GET"]}}],"collection":[{"href":"https:\/\/perfilesbosch.com.mx\/app\/wp-json\/wp\/v2\/product"}],"about":[{"href":"https:\/\/perfilesbosch.com.mx\/app\/wp-json\/wp\/v2\/types\/product"}],"version-history":[{"count":0,"href":"https:\/\/perfilesbosch.com.mx\/app\/wp-json\/wp\/v2\/product\/716\/revisions"}],"wp:featuredmedia":[{"embeddable":true,"href":"https:\/\/perfilesbosch.com.mx\/app\/wp-json\/wp\/v2\/media\/718"}],"wp:attachment":[{"href":"https:\/\/perfilesbosch.com.mx\/app\/wp-json\/wp\/v2\/media?parent=716"}],"wp:term":[{"taxonomy":"product_brand","embeddable":true,"href":"https:\/\/perfilesbosch.com.mx\/app\/wp-json\/wp\/v2\/product_brand?post=716"},{"taxonomy":"product_cat","embeddable":true,"href":"https:\/\/perfilesbosch.com.mx\/app\/wp-json\/wp\/v2\/product_cat?post=716"},{"taxonomy":"product_tag","embeddable":true,"href":"https:\/\/perfilesbosch.com.mx\/app\/wp-json\/wp\/v2\/product_tag?post=716"}],"curies":[{"name":"wp","href":"https:\/\/api.w.org\/{rel}","templated":true}]}}