{"id":1550,"date":"2019-01-17T08:32:34","date_gmt":"2019-01-17T14:32:34","guid":{"rendered":"http:\/\/perfilesbosch.com.mx\/app\/?post_type=product&#038;p=1550"},"modified":"2019-01-17T15:16:09","modified_gmt":"2019-01-17T21:16:09","slug":"tornillo-central-m12x30-t50","status":"publish","type":"product","link":"https:\/\/perfilesbosch.com.mx\/app\/producto\/tornillo-central-m12x30-t50\/","title":{"rendered":"Tornillo central M12x30 T50"},"content":{"rendered":"<p><img fetchpriority=\"high\" decoding=\"async\" class=\"alignnone wp-image-1539\" src=\"http:\/\/perfilesbosch.com.mx\/app\/wp-content\/uploads\/2019\/01\/TOR-S5X16-300x295.png\" alt=\"\" width=\"386\" height=\"380\" srcset=\"https:\/\/perfilesbosch.com.mx\/app\/wp-content\/uploads\/2019\/01\/TOR-S5X16-300x295.png 300w, https:\/\/perfilesbosch.com.mx\/app\/wp-content\/uploads\/2019\/01\/TOR-S5X16.png 600w\" sizes=\"(max-width: 386px) 100vw, 386px\" \/><\/p>\n","protected":false},"excerpt":{"rendered":"<p><img decoding=\"async\" class=\"alignnone  wp-image-1388\" src=\"http:\/\/perfilesbosch.com.mx\/app\/wp-content\/uploads\/2019\/01\/r10-1.png\" alt=\"\" width=\"61\" height=\"64\" \/><\/p>\n<ul>\n<li>Es el elemento de uni\u00f3n m\u00e1s econ\u00f3mico<\/li>\n<\/ul>\n<p><img decoding=\"async\" class=\"alignnone wp-image-678\" src=\"http:\/\/perfilesbosch.com.mx\/app\/wp-content\/uploads\/2019\/01\/795615-300x300.png\" alt=\"\" width=\"31\" height=\"31\" srcset=\"https:\/\/perfilesbosch.com.mx\/app\/wp-content\/uploads\/2019\/01\/795615-300x300.png 300w, https:\/\/perfilesbosch.com.mx\/app\/wp-content\/uploads\/2019\/01\/795615-230x230.png 230w, https:\/\/perfilesbosch.com.mx\/app\/wp-content\/uploads\/2019\/01\/795615-160x160.png 160w, https:\/\/perfilesbosch.com.mx\/app\/wp-content\/uploads\/2019\/01\/795615-400x400.png 400w, https:\/\/perfilesbosch.com.mx\/app\/wp-content\/uploads\/2019\/01\/795615-150x150.png 150w, https:\/\/perfilesbosch.com.mx\/app\/wp-content\/uploads\/2019\/01\/795615.png 512w\" sizes=\"(max-width: 31px) 100vw, 31px\" \/>\u00a0No.\u00a03842530235<\/p>\n","protected":false},"featured_media":1552,"template":"","meta":[],"product_brand":[],"product_cat":[79,35],"product_tag":[],"class_list":{"0":"post-1550","1":"product","2":"type-product","3":"status-publish","4":"has-post-thumbnail","6":"product_cat-tornillos","7":"product_cat-accesorios-de-perfileria","9":"first","10":"instock","11":"featured","12":"shipping-taxable","13":"purchasable","14":"product-type-variable"},"_links":{"self":[{"href":"https:\/\/perfilesbosch.com.mx\/app\/wp-json\/wp\/v2\/product\/1550","targetHints":{"allow":["GET"]}}],"collection":[{"href":"https:\/\/perfilesbosch.com.mx\/app\/wp-json\/wp\/v2\/product"}],"about":[{"href":"https:\/\/perfilesbosch.com.mx\/app\/wp-json\/wp\/v2\/types\/product"}],"version-history":[{"count":0,"href":"https:\/\/perfilesbosch.com.mx\/app\/wp-json\/wp\/v2\/product\/1550\/revisions"}],"wp:featuredmedia":[{"embeddable":true,"href":"https:\/\/perfilesbosch.com.mx\/app\/wp-json\/wp\/v2\/media\/1552"}],"wp:attachment":[{"href":"https:\/\/perfilesbosch.com.mx\/app\/wp-json\/wp\/v2\/media?parent=1550"}],"wp:term":[{"taxonomy":"product_brand","embeddable":true,"href":"https:\/\/perfilesbosch.com.mx\/app\/wp-json\/wp\/v2\/product_brand?post=1550"},{"taxonomy":"product_cat","embeddable":true,"href":"https:\/\/perfilesbosch.com.mx\/app\/wp-json\/wp\/v2\/product_cat?post=1550"},{"taxonomy":"product_tag","embeddable":true,"href":"https:\/\/perfilesbosch.com.mx\/app\/wp-json\/wp\/v2\/product_tag?post=1550"}],"curies":[{"name":"wp","href":"https:\/\/api.w.org\/{rel}","templated":true}]}}